{"id":614,"date":"2022-09-06T16:00:20","date_gmt":"2022-09-06T16:00:20","guid":{"rendered":"https:\/\/www.kasy.ndg.pl\/?page_id=614"},"modified":"2022-09-06T16:03:16","modified_gmt":"2022-09-06T16:03:16","slug":"posnet-trio-online","status":"publish","type":"page","link":"https:\/\/www.kasy.ndg.pl\/index.php\/posnet-trio-online\/","title":{"rendered":"POSNET TRIO ONLINE"},"content":{"rendered":"\t\t<div data-elementor-type=\"wp-page\" data-elementor-id=\"614\" class=\"elementor elementor-614\">\n\t\t\t\t\t\t\t\t\t<section class=\"elementor-section elementor-top-section elementor-element elementor-element-165deb7 elementor-section-boxed elementor-section-height-default elementor-section-height-default\" data-id=\"165deb7\" data-element_type=\"section\">\n\t\t\t\t\t\t<div class=\"elementor-container elementor-column-gap-default\">\n\t\t\t\t\t<div class=\"elementor-column elementor-col-33 elementor-top-column elementor-element elementor-element-6336cf2\" data-id=\"6336cf2\" data-element_type=\"column\">\n\t\t\t<div class=\"elementor-widget-wrap elementor-element-populated\">\n\t\t\t\t\t\t\t\t<div class=\"elementor-element elementor-element-413ad149 elementor-position-top elementor-vertical-align-top elementor-invisible elementor-widget elementor-widget-image-box\" data-id=\"413ad149\" data-element_type=\"widget\" data-settings=\"{&quot;_animation&quot;:&quot;fadeIn&quot;}\" data-widget_type=\"image-box.default\">\n\t\t\t\t<div class=\"elementor-widget-container\">\n\t\t\t<style>\/*! elementor - v3.7.3 - 29-08-2022 *\/\n.elementor-widget-image-box .elementor-image-box-content{width:100%}@media (min-width:768px){.elementor-widget-image-box.elementor-position-left .elementor-image-box-wrapper,.elementor-widget-image-box.elementor-position-right .elementor-image-box-wrapper{display:-webkit-box;display:-ms-flexbox;display:flex}.elementor-widget-image-box.elementor-position-right .elementor-image-box-wrapper{text-align:right;-webkit-box-orient:horizontal;-webkit-box-direction:reverse;-ms-flex-direction:row-reverse;flex-direction:row-reverse}.elementor-widget-image-box.elementor-position-left .elementor-image-box-wrapper{text-align:left;-webkit-box-orient:horizontal;-webkit-box-direction:normal;-ms-flex-direction:row;flex-direction:row}.elementor-widget-image-box.elementor-position-top .elementor-image-box-img{margin:auto}.elementor-widget-image-box.elementor-vertical-align-top .elementor-image-box-wrapper{-webkit-box-align:start;-ms-flex-align:start;align-items:flex-start}.elementor-widget-image-box.elementor-vertical-align-middle .elementor-image-box-wrapper{-webkit-box-align:center;-ms-flex-align:center;align-items:center}.elementor-widget-image-box.elementor-vertical-align-bottom .elementor-image-box-wrapper{-webkit-box-align:end;-ms-flex-align:end;align-items:flex-end}}@media (max-width:767px){.elementor-widget-image-box .elementor-image-box-img{margin-left:auto!important;margin-right:auto!important;margin-bottom:15px}}.elementor-widget-image-box .elementor-image-box-img{display:inline-block}.elementor-widget-image-box .elementor-image-box-title a{color:inherit}.elementor-widget-image-box .elementor-image-box-wrapper{text-align:center}.elementor-widget-image-box .elementor-image-box-description{margin:0}<\/style><div class=\"elementor-image-box-wrapper\"><figure class=\"elementor-image-box-img\"><img width=\"900\" height=\"900\" src=\"https:\/\/www.kasy.ndg.pl\/wp-content\/uploads\/2022\/09\/TRIO.png\" class=\"attachment-full size-full\" alt=\"\" loading=\"lazy\" \/><\/figure><div class=\"elementor-image-box-content\"><h3 class=\"elementor-image-box-title\">netto: 2\u00a0499 z\u0142<\/h3><p class=\"elementor-image-box-description\">brutto: 3\u00a0074 z\u0142 <\/p><\/div><\/div>\t\t<\/div>\n\t\t\t\t<\/div>\n\t\t\t\t\t<\/div>\n\t\t<\/div>\n\t\t\t\t<div class=\"elementor-column elementor-col-66 elementor-top-column elementor-element elementor-element-63297e25\" data-id=\"63297e25\" data-element_type=\"column\">\n\t\t\t<div class=\"elementor-widget-wrap elementor-element-populated\">\n\t\t\t\t\t\t\t\t<div class=\"elementor-element elementor-element-38a20f9f elementor-invisible elementor-widget elementor-widget-text-editor\" data-id=\"38a20f9f\" data-element_type=\"widget\" data-settings=\"{&quot;_animation&quot;:&quot;fadeIn&quot;}\" data-widget_type=\"text-editor.default\">\n\t\t\t\t<div class=\"elementor-widget-container\">\n\t\t\t<style>\/*! elementor - v3.7.3 - 29-08-2022 *\/\n.elementor-widget-text-editor.elementor-drop-cap-view-stacked .elementor-drop-cap{background-color:#818a91;color:#fff}.elementor-widget-text-editor.elementor-drop-cap-view-framed .elementor-drop-cap{color:#818a91;border:3px solid;background-color:transparent}.elementor-widget-text-editor:not(.elementor-drop-cap-view-default) .elementor-drop-cap{margin-top:8px}.elementor-widget-text-editor:not(.elementor-drop-cap-view-default) .elementor-drop-cap-letter{width:1em;height:1em}.elementor-widget-text-editor .elementor-drop-cap{float:left;text-align:center;line-height:1;font-size:50px}.elementor-widget-text-editor .elementor-drop-cap-letter{display:inline-block}<\/style>\t\t\t\t<div class=\"product__content-inner\"><div class=\"product__content-left\"><p>Drukarka Posnet Trio ONLINE potrafi si\u0119 \u015bwietnie wkomponowa\u0107 w\u00a0nowoczesne trendy przemys\u0142owego desing&#8217;u. Zosta\u0142a wyr\u00f3\u017cniona przez Ministra Rozwoju i\u00a0Finans\u00f3w oraz nagrodzona przez Instytut Wzornictwa Przemys\u0142owego w\u00a0konkursie Dobry Wz\u00f3r 2017. Trio ONLINE wyr\u00f3\u017cnia si\u0119 spo\u015br\u00f3d innych. Je\u015bli zainstalujesz na niej dodatkowo tablet czy smartfon, na pewno wzbudzisz zainteresowanie klient\u00f3w tak oryginalnym i\u00a0nietuzinkowym rozwi\u0105zaniem. Wyobra\u017a\u00a0<br \/>sobie tak\u0105 w\u0142a\u015bnie drukark\u0119 w\u00a0Twoim butiku lub na wyspie marketowej, albo te\u017c w\u00a0sklepie: spo\u017cywczym, mi\u0119snym, monopolowym czy jubilerskim. Urz\u0105dzenie to polecamy tak\u017ce do cukierni, piekarni, a\u00a0tak\u017ce fast-food\u00f3w.<\/p><\/div><div class=\"product__content-right\">\u00a0<\/div><\/div><div class=\"product__buttons\">\u00a0<\/div>\t\t\t\t\t\t<\/div>\n\t\t\t\t<\/div>\n\t\t\t\t\t<\/div>\n\t\t<\/div>\n\t\t\t\t\t\t\t<\/div>\n\t\t<\/section>\n\t\t\t\t\t\t\t<\/div>\n\t\t","protected":false},"excerpt":{"rendered":"<p>netto: 2\u00a0499 z\u0142 brutto: 3\u00a0074 z\u0142 Drukarka Posnet Trio ONLINE potrafi si\u0119 \u015bwietnie wkomponowa\u0107 w\u00a0nowoczesne trendy przemys\u0142owego desing&#8217;u. Zosta\u0142a wyr\u00f3\u017cniona przez Ministra Rozwoju i\u00a0Finans\u00f3w oraz nagrodzona przez Instytut Wzornictwa Przemys\u0142owego w\u00a0konkursie Dobry Wz\u00f3r 2017. Trio ONLINE wyr\u00f3\u017cnia si\u0119 spo\u015br\u00f3d innych. Je\u015bli zainstalujesz na niej dodatkowo tablet czy smartfon, na pewno wzbudzisz zainteresowanie klient\u00f3w tak oryginalnym [&hellip;]<\/p>\n","protected":false},"author":1,"featured_media":0,"parent":0,"menu_order":0,"comment_status":"closed","ping_status":"closed","template":"","meta":[],"_links":{"self":[{"href":"https:\/\/www.kasy.ndg.pl\/index.php\/wp-json\/wp\/v2\/pages\/614"}],"collection":[{"href":"https:\/\/www.kasy.ndg.pl\/index.php\/wp-json\/wp\/v2\/pages"}],"about":[{"href":"https:\/\/www.kasy.ndg.pl\/index.php\/wp-json\/wp\/v2\/types\/page"}],"author":[{"embeddable":true,"href":"https:\/\/www.kasy.ndg.pl\/index.php\/wp-json\/wp\/v2\/users\/1"}],"replies":[{"embeddable":true,"href":"https:\/\/www.kasy.ndg.pl\/index.php\/wp-json\/wp\/v2\/comments?post=614"}],"version-history":[{"count":4,"href":"https:\/\/www.kasy.ndg.pl\/index.php\/wp-json\/wp\/v2\/pages\/614\/revisions"}],"predecessor-version":[{"id":621,"href":"https:\/\/www.kasy.ndg.pl\/index.php\/wp-json\/wp\/v2\/pages\/614\/revisions\/621"}],"wp:attachment":[{"href":"https:\/\/www.kasy.ndg.pl\/index.php\/wp-json\/wp\/v2\/media?parent=614"}],"curies":[{"name":"wp","href":"https:\/\/api.w.org\/{rel}","templated":true}]}}