{"id":586,"date":"2022-09-06T15:52:36","date_gmt":"2022-09-06T15:52:36","guid":{"rendered":"https:\/\/www.kasy.ndg.pl\/?page_id=586"},"modified":"2022-09-06T15:55:32","modified_gmt":"2022-09-06T15:55:32","slug":"novitus-hd-ii-online-z-wyswietlaczem","status":"publish","type":"page","link":"https:\/\/www.kasy.ndg.pl\/index.php\/novitus-hd-ii-online-z-wyswietlaczem\/","title":{"rendered":"NOVITUS HD II ONLINE Z WY\u015aWIETLACZEM"},"content":{"rendered":"\t\t<div data-elementor-type=\"wp-page\" data-elementor-id=\"586\" class=\"elementor elementor-586\">\n\t\t\t\t\t\t\t\t\t<section class=\"elementor-section elementor-top-section elementor-element elementor-element-41e477d3 elementor-section-boxed elementor-section-height-default elementor-section-height-default\" data-id=\"41e477d3\" data-element_type=\"section\">\n\t\t\t\t\t\t<div class=\"elementor-container elementor-column-gap-default\">\n\t\t\t\t\t<div class=\"elementor-column elementor-col-33 elementor-top-column elementor-element elementor-element-118cba0b\" data-id=\"118cba0b\" data-element_type=\"column\">\n\t\t\t<div class=\"elementor-widget-wrap elementor-element-populated\">\n\t\t\t\t\t\t\t\t<div class=\"elementor-element elementor-element-410474a1 elementor-position-top elementor-vertical-align-top elementor-invisible elementor-widget elementor-widget-image-box\" data-id=\"410474a1\" data-element_type=\"widget\" data-settings=\"{&quot;_animation&quot;:&quot;fadeIn&quot;}\" data-widget_type=\"image-box.default\">\n\t\t\t\t<div class=\"elementor-widget-container\">\n\t\t\t<style>\/*! elementor - v3.7.3 - 29-08-2022 *\/\n.elementor-widget-image-box .elementor-image-box-content{width:100%}@media (min-width:768px){.elementor-widget-image-box.elementor-position-left .elementor-image-box-wrapper,.elementor-widget-image-box.elementor-position-right .elementor-image-box-wrapper{display:-webkit-box;display:-ms-flexbox;display:flex}.elementor-widget-image-box.elementor-position-right .elementor-image-box-wrapper{text-align:right;-webkit-box-orient:horizontal;-webkit-box-direction:reverse;-ms-flex-direction:row-reverse;flex-direction:row-reverse}.elementor-widget-image-box.elementor-position-left .elementor-image-box-wrapper{text-align:left;-webkit-box-orient:horizontal;-webkit-box-direction:normal;-ms-flex-direction:row;flex-direction:row}.elementor-widget-image-box.elementor-position-top .elementor-image-box-img{margin:auto}.elementor-widget-image-box.elementor-vertical-align-top .elementor-image-box-wrapper{-webkit-box-align:start;-ms-flex-align:start;align-items:flex-start}.elementor-widget-image-box.elementor-vertical-align-middle .elementor-image-box-wrapper{-webkit-box-align:center;-ms-flex-align:center;align-items:center}.elementor-widget-image-box.elementor-vertical-align-bottom .elementor-image-box-wrapper{-webkit-box-align:end;-ms-flex-align:end;align-items:flex-end}}@media (max-width:767px){.elementor-widget-image-box .elementor-image-box-img{margin-left:auto!important;margin-right:auto!important;margin-bottom:15px}}.elementor-widget-image-box .elementor-image-box-img{display:inline-block}.elementor-widget-image-box .elementor-image-box-title a{color:inherit}.elementor-widget-image-box .elementor-image-box-wrapper{text-align:center}.elementor-widget-image-box .elementor-image-box-description{margin:0}<\/style><div class=\"elementor-image-box-wrapper\"><figure class=\"elementor-image-box-img\"><img width=\"900\" height=\"900\" src=\"https:\/\/www.kasy.ndg.pl\/wp-content\/uploads\/2022\/09\/hd-online-z-wys.png\" class=\"attachment-full size-full\" alt=\"\" loading=\"lazy\" \/><\/figure><div class=\"elementor-image-box-content\"><h3 class=\"elementor-image-box-title\">netto: 3\u00a0190 z\u0142<\/h3><p class=\"elementor-image-box-description\">brutto: 3\u00a0924 z\u0142 <\/p><\/div><\/div>\t\t<\/div>\n\t\t\t\t<\/div>\n\t\t\t\t\t<\/div>\n\t\t<\/div>\n\t\t\t\t<div class=\"elementor-column elementor-col-66 elementor-top-column elementor-element elementor-element-47f9fc53\" data-id=\"47f9fc53\" data-element_type=\"column\">\n\t\t\t<div class=\"elementor-widget-wrap elementor-element-populated\">\n\t\t\t\t\t\t\t\t<div class=\"elementor-element elementor-element-1db8b4c5 elementor-invisible elementor-widget elementor-widget-text-editor\" data-id=\"1db8b4c5\" data-element_type=\"widget\" data-settings=\"{&quot;_animation&quot;:&quot;fadeIn&quot;}\" data-widget_type=\"text-editor.default\">\n\t\t\t\t<div class=\"elementor-widget-container\">\n\t\t\t<style>\/*! elementor - v3.7.3 - 29-08-2022 *\/\n.elementor-widget-text-editor.elementor-drop-cap-view-stacked .elementor-drop-cap{background-color:#818a91;color:#fff}.elementor-widget-text-editor.elementor-drop-cap-view-framed .elementor-drop-cap{color:#818a91;border:3px solid;background-color:transparent}.elementor-widget-text-editor:not(.elementor-drop-cap-view-default) .elementor-drop-cap{margin-top:8px}.elementor-widget-text-editor:not(.elementor-drop-cap-view-default) .elementor-drop-cap-letter{width:1em;height:1em}.elementor-widget-text-editor .elementor-drop-cap{float:left;text-align:center;line-height:1;font-size:50px}.elementor-widget-text-editor .elementor-drop-cap-letter{display:inline-block}<\/style>\t\t\t\t<ul class=\"product__content-attributes\"><li>Du\u017cy 4,3\u201d kolorowy wy\u015bwietlacz dzia\u0142aj\u0105cy w trybie High Color<\/li>\u00a0<li>Wy\u015bwietlacz wbudowany lub wolnostoj\u0105cy o r\u00f3\u017cnej wysoko\u015bci podstawy<\/li>\u00a0<li>Animacje i reklamy na wy\u015bwietlaczu<\/li>\u00a0<li>Niezawodny, trwa\u0142y i szybki mechanizm drukuj\u0105cy japo\u0144skiej firmy Citizen<\/li>\u00a0<li>Wydruk do 1.000 paragon\u00f3w na na\u0142adowanym akumulatorze<\/li>\u00a0<li>Komunikacj\u0119 z Centralnym Repozytorium Kas (CRK)<\/li><\/ul>\t\t\t\t\t\t<\/div>\n\t\t\t\t<\/div>\n\t\t\t\t\t<\/div>\n\t\t<\/div>\n\t\t\t\t\t\t\t<\/div>\n\t\t<\/section>\n\t\t\t\t\t\t\t<\/div>\n\t\t","protected":false},"excerpt":{"rendered":"<p>netto: 3\u00a0190 z\u0142 brutto: 3\u00a0924 z\u0142 Du\u017cy 4,3\u201d kolorowy wy\u015bwietlacz dzia\u0142aj\u0105cy w trybie High Color \u00a0 Wy\u015bwietlacz wbudowany lub wolnostoj\u0105cy o r\u00f3\u017cnej wysoko\u015bci podstawy \u00a0 Animacje i reklamy na wy\u015bwietlaczu \u00a0 Niezawodny, trwa\u0142y i szybki mechanizm drukuj\u0105cy japo\u0144skiej firmy Citizen \u00a0 Wydruk do 1.000 paragon\u00f3w na na\u0142adowanym akumulatorze \u00a0 Komunikacj\u0119 z Centralnym Repozytorium Kas (CRK)<\/p>\n","protected":false},"author":1,"featured_media":0,"parent":0,"menu_order":0,"comment_status":"closed","ping_status":"closed","template":"","meta":[],"_links":{"self":[{"href":"https:\/\/www.kasy.ndg.pl\/index.php\/wp-json\/wp\/v2\/pages\/586"}],"collection":[{"href":"https:\/\/www.kasy.ndg.pl\/index.php\/wp-json\/wp\/v2\/pages"}],"about":[{"href":"https:\/\/www.kasy.ndg.pl\/index.php\/wp-json\/wp\/v2\/types\/page"}],"author":[{"embeddable":true,"href":"https:\/\/www.kasy.ndg.pl\/index.php\/wp-json\/wp\/v2\/users\/1"}],"replies":[{"embeddable":true,"href":"https:\/\/www.kasy.ndg.pl\/index.php\/wp-json\/wp\/v2\/comments?post=586"}],"version-history":[{"count":7,"href":"https:\/\/www.kasy.ndg.pl\/index.php\/wp-json\/wp\/v2\/pages\/586\/revisions"}],"predecessor-version":[{"id":596,"href":"https:\/\/www.kasy.ndg.pl\/index.php\/wp-json\/wp\/v2\/pages\/586\/revisions\/596"}],"wp:attachment":[{"href":"https:\/\/www.kasy.ndg.pl\/index.php\/wp-json\/wp\/v2\/media?parent=586"}],"curies":[{"name":"wp","href":"https:\/\/api.w.org\/{rel}","templated":true}]}}