{"id":537,"date":"2022-09-06T13:01:34","date_gmt":"2022-09-06T13:01:34","guid":{"rendered":"https:\/\/www.kasy.ndg.pl\/?page_id=537"},"modified":"2022-09-06T16:11:37","modified_gmt":"2022-09-06T16:11:37","slug":"novitus-deon-online","status":"publish","type":"page","link":"https:\/\/www.kasy.ndg.pl\/index.php\/novitus-deon-online\/","title":{"rendered":"NOVITUS DEON ONLINE"},"content":{"rendered":"\t\t<div data-elementor-type=\"wp-page\" data-elementor-id=\"537\" class=\"elementor elementor-537\">\n\t\t\t\t\t\t\t\t\t<section class=\"elementor-section elementor-top-section elementor-element elementor-element-3702917a elementor-section-boxed elementor-section-height-default elementor-section-height-default\" data-id=\"3702917a\" data-element_type=\"section\">\n\t\t\t\t\t\t<div class=\"elementor-container elementor-column-gap-default\">\n\t\t\t\t\t<div class=\"elementor-column elementor-col-33 elementor-top-column elementor-element elementor-element-51acd9b5\" data-id=\"51acd9b5\" data-element_type=\"column\">\n\t\t\t<div class=\"elementor-widget-wrap elementor-element-populated\">\n\t\t\t\t\t\t\t\t<div class=\"elementor-element elementor-element-156effd8 elementor-position-top elementor-vertical-align-top elementor-invisible elementor-widget elementor-widget-image-box\" data-id=\"156effd8\" data-element_type=\"widget\" data-settings=\"{&quot;_animation&quot;:&quot;fadeIn&quot;}\" data-widget_type=\"image-box.default\">\n\t\t\t\t<div class=\"elementor-widget-container\">\n\t\t\t<style>\/*! elementor - v3.7.3 - 29-08-2022 *\/\n.elementor-widget-image-box .elementor-image-box-content{width:100%}@media (min-width:768px){.elementor-widget-image-box.elementor-position-left .elementor-image-box-wrapper,.elementor-widget-image-box.elementor-position-right .elementor-image-box-wrapper{display:-webkit-box;display:-ms-flexbox;display:flex}.elementor-widget-image-box.elementor-position-right .elementor-image-box-wrapper{text-align:right;-webkit-box-orient:horizontal;-webkit-box-direction:reverse;-ms-flex-direction:row-reverse;flex-direction:row-reverse}.elementor-widget-image-box.elementor-position-left .elementor-image-box-wrapper{text-align:left;-webkit-box-orient:horizontal;-webkit-box-direction:normal;-ms-flex-direction:row;flex-direction:row}.elementor-widget-image-box.elementor-position-top .elementor-image-box-img{margin:auto}.elementor-widget-image-box.elementor-vertical-align-top .elementor-image-box-wrapper{-webkit-box-align:start;-ms-flex-align:start;align-items:flex-start}.elementor-widget-image-box.elementor-vertical-align-middle .elementor-image-box-wrapper{-webkit-box-align:center;-ms-flex-align:center;align-items:center}.elementor-widget-image-box.elementor-vertical-align-bottom .elementor-image-box-wrapper{-webkit-box-align:end;-ms-flex-align:end;align-items:flex-end}}@media (max-width:767px){.elementor-widget-image-box .elementor-image-box-img{margin-left:auto!important;margin-right:auto!important;margin-bottom:15px}}.elementor-widget-image-box .elementor-image-box-img{display:inline-block}.elementor-widget-image-box .elementor-image-box-title a{color:inherit}.elementor-widget-image-box .elementor-image-box-wrapper{text-align:center}.elementor-widget-image-box .elementor-image-box-description{margin:0}<\/style><div class=\"elementor-image-box-wrapper\"><figure class=\"elementor-image-box-img\"><img width=\"900\" height=\"900\" src=\"https:\/\/www.kasy.ndg.pl\/wp-content\/uploads\/2022\/09\/deon900x9006-png.png\" class=\"attachment-full size-full\" alt=\"\" loading=\"lazy\" \/><\/figure><div class=\"elementor-image-box-content\"><h3 class=\"elementor-image-box-title\">netto: 2\u00a0290 z\u0142<\/h3><p class=\"elementor-image-box-description\">brutto: 2\u00a0817 z\u0142 <\/p><\/div><\/div>\t\t<\/div>\n\t\t\t\t<\/div>\n\t\t\t\t\t<\/div>\n\t\t<\/div>\n\t\t\t\t<div class=\"elementor-column elementor-col-66 elementor-top-column elementor-element elementor-element-58afa4c2\" data-id=\"58afa4c2\" data-element_type=\"column\">\n\t\t\t<div class=\"elementor-widget-wrap elementor-element-populated\">\n\t\t\t\t\t\t\t\t<div class=\"elementor-element elementor-element-308feedd elementor-invisible elementor-widget elementor-widget-text-editor\" data-id=\"308feedd\" data-element_type=\"widget\" data-settings=\"{&quot;_animation&quot;:&quot;fadeIn&quot;}\" data-widget_type=\"text-editor.default\">\n\t\t\t\t<div class=\"elementor-widget-container\">\n\t\t\t<style>\/*! elementor - v3.7.3 - 29-08-2022 *\/\n.elementor-widget-text-editor.elementor-drop-cap-view-stacked .elementor-drop-cap{background-color:#818a91;color:#fff}.elementor-widget-text-editor.elementor-drop-cap-view-framed .elementor-drop-cap{color:#818a91;border:3px solid;background-color:transparent}.elementor-widget-text-editor:not(.elementor-drop-cap-view-default) .elementor-drop-cap{margin-top:8px}.elementor-widget-text-editor:not(.elementor-drop-cap-view-default) .elementor-drop-cap-letter{width:1em;height:1em}.elementor-widget-text-editor .elementor-drop-cap{float:left;text-align:center;line-height:1;font-size:50px}.elementor-widget-text-editor .elementor-drop-cap-letter{display:inline-block}<\/style>\t\t\t\t<div class=\"product__content-inner\"><div class=\"product__content-left\"><ul class=\"product__content-attributes\"><li>Mobilna, lekka, por\u0119czna<\/li>\u00a0<li>Mo\u017cliwo\u015b\u0107 pracy w trudnych warunkach atmosferycznych: wysokie i niskie temperatury<\/li>\u00a0<li>Wbudowane z\u0142\u0105cze LAN<\/li>\u00a0<li>D\u0142uga praca na wewn\u0119trznym akumulatorze<\/li>\u00a0<li>Pod\u015bwietlana klawiatura switchowa, precyzyjnie dzia\u0142aj\u0105ca, pokryta silikonow\u0105 nak\u0142adk\u0105 zabezpieczaj\u0105c\u0105 przez zalaniem<\/li>\u00a0<li>Niezawodny mechanizm drukuj\u0105cy, japo\u0144skiej firmy Fujitsu<\/li>\u00a0<li>Mo\u017cliwo\u015b\u0107 drukowania faktur VAT z danymi nabywcy oraz odbiorcy<\/li>\u00a0<li>Komunikacj\u0119 z Centralnym Repozytorium Kas (CRK)<\/li><\/ul><\/div><div class=\"product__content-right\">\u00a0<\/div><\/div><div class=\"product__buttons\">\u00a0<\/div>\t\t\t\t\t\t<\/div>\n\t\t\t\t<\/div>\n\t\t\t\t\t<\/div>\n\t\t<\/div>\n\t\t\t\t\t\t\t<\/div>\n\t\t<\/section>\n\t\t\t\t\t\t\t<\/div>\n\t\t","protected":false},"excerpt":{"rendered":"<p>netto: 2\u00a0290 z\u0142 brutto: 2\u00a0817 z\u0142 Mobilna, lekka, por\u0119czna \u00a0 Mo\u017cliwo\u015b\u0107 pracy w trudnych warunkach atmosferycznych: wysokie i niskie temperatury \u00a0 Wbudowane z\u0142\u0105cze LAN \u00a0 D\u0142uga praca na wewn\u0119trznym akumulatorze \u00a0 Pod\u015bwietlana klawiatura switchowa, precyzyjnie dzia\u0142aj\u0105ca, pokryta silikonow\u0105 nak\u0142adk\u0105 zabezpieczaj\u0105c\u0105 przez zalaniem \u00a0 Niezawodny mechanizm drukuj\u0105cy, japo\u0144skiej firmy Fujitsu \u00a0 Mo\u017cliwo\u015b\u0107 drukowania faktur VAT z [&hellip;]<\/p>\n","protected":false},"author":1,"featured_media":0,"parent":0,"menu_order":0,"comment_status":"closed","ping_status":"closed","template":"","meta":[],"_links":{"self":[{"href":"https:\/\/www.kasy.ndg.pl\/index.php\/wp-json\/wp\/v2\/pages\/537"}],"collection":[{"href":"https:\/\/www.kasy.ndg.pl\/index.php\/wp-json\/wp\/v2\/pages"}],"about":[{"href":"https:\/\/www.kasy.ndg.pl\/index.php\/wp-json\/wp\/v2\/types\/page"}],"author":[{"embeddable":true,"href":"https:\/\/www.kasy.ndg.pl\/index.php\/wp-json\/wp\/v2\/users\/1"}],"replies":[{"embeddable":true,"href":"https:\/\/www.kasy.ndg.pl\/index.php\/wp-json\/wp\/v2\/comments?post=537"}],"version-history":[{"count":7,"href":"https:\/\/www.kasy.ndg.pl\/index.php\/wp-json\/wp\/v2\/pages\/537\/revisions"}],"predecessor-version":[{"id":647,"href":"https:\/\/www.kasy.ndg.pl\/index.php\/wp-json\/wp\/v2\/pages\/537\/revisions\/647"}],"wp:attachment":[{"href":"https:\/\/www.kasy.ndg.pl\/index.php\/wp-json\/wp\/v2\/media?parent=537"}],"curies":[{"name":"wp","href":"https:\/\/api.w.org\/{rel}","templated":true}]}}