{"id":501,"date":"2022-09-01T13:06:39","date_gmt":"2022-09-01T13:06:39","guid":{"rendered":"https:\/\/www.kasy.ndg.pl\/?page_id=501"},"modified":"2022-09-01T13:07:35","modified_gmt":"2022-09-01T13:07:35","slug":"posnet-mobile-online-80gprs","status":"publish","type":"page","link":"https:\/\/www.kasy.ndg.pl\/index.php\/posnet-mobile-online-80gprs\/","title":{"rendered":"POSNET MOBILE ONLINE 80GPRS"},"content":{"rendered":"\t\t<div data-elementor-type=\"wp-page\" data-elementor-id=\"501\" class=\"elementor elementor-501\">\n\t\t\t\t\t\t\t\t\t<section class=\"elementor-section elementor-top-section elementor-element elementor-element-466e2faf elementor-section-boxed elementor-section-height-default elementor-section-height-default\" data-id=\"466e2faf\" data-element_type=\"section\">\n\t\t\t\t\t\t<div class=\"elementor-container elementor-column-gap-default\">\n\t\t\t\t\t<div class=\"elementor-column elementor-col-33 elementor-top-column elementor-element elementor-element-1e07103d\" data-id=\"1e07103d\" data-element_type=\"column\">\n\t\t\t<div class=\"elementor-widget-wrap elementor-element-populated\">\n\t\t\t\t\t\t\t\t<div class=\"elementor-element elementor-element-13ba32e6 elementor-position-top elementor-vertical-align-top elementor-invisible elementor-widget elementor-widget-image-box\" data-id=\"13ba32e6\" data-element_type=\"widget\" data-settings=\"{&quot;_animation&quot;:&quot;fadeIn&quot;}\" data-widget_type=\"image-box.default\">\n\t\t\t\t<div class=\"elementor-widget-container\">\n\t\t\t<style>\/*! elementor - v3.7.3 - 29-08-2022 *\/\n.elementor-widget-image-box .elementor-image-box-content{width:100%}@media (min-width:768px){.elementor-widget-image-box.elementor-position-left .elementor-image-box-wrapper,.elementor-widget-image-box.elementor-position-right .elementor-image-box-wrapper{display:-webkit-box;display:-ms-flexbox;display:flex}.elementor-widget-image-box.elementor-position-right .elementor-image-box-wrapper{text-align:right;-webkit-box-orient:horizontal;-webkit-box-direction:reverse;-ms-flex-direction:row-reverse;flex-direction:row-reverse}.elementor-widget-image-box.elementor-position-left .elementor-image-box-wrapper{text-align:left;-webkit-box-orient:horizontal;-webkit-box-direction:normal;-ms-flex-direction:row;flex-direction:row}.elementor-widget-image-box.elementor-position-top .elementor-image-box-img{margin:auto}.elementor-widget-image-box.elementor-vertical-align-top .elementor-image-box-wrapper{-webkit-box-align:start;-ms-flex-align:start;align-items:flex-start}.elementor-widget-image-box.elementor-vertical-align-middle .elementor-image-box-wrapper{-webkit-box-align:center;-ms-flex-align:center;align-items:center}.elementor-widget-image-box.elementor-vertical-align-bottom .elementor-image-box-wrapper{-webkit-box-align:end;-ms-flex-align:end;align-items:flex-end}}@media (max-width:767px){.elementor-widget-image-box .elementor-image-box-img{margin-left:auto!important;margin-right:auto!important;margin-bottom:15px}}.elementor-widget-image-box .elementor-image-box-img{display:inline-block}.elementor-widget-image-box .elementor-image-box-title a{color:inherit}.elementor-widget-image-box .elementor-image-box-wrapper{text-align:center}.elementor-widget-image-box .elementor-image-box-description{margin:0}<\/style><div class=\"elementor-image-box-wrapper\"><figure class=\"elementor-image-box-img\"><img width=\"600\" height=\"600\" src=\"https:\/\/www.kasy.ndg.pl\/wp-content\/uploads\/2022\/09\/mobile-online-juz-1.png\" class=\"attachment-full size-full\" alt=\"\" loading=\"lazy\" \/><\/figure><div class=\"elementor-image-box-content\"><h3 class=\"elementor-image-box-title\">netto: 1\u00a0949 z\u0142<\/h3><p class=\"elementor-image-box-description\">brutto: 2\u00a0397 z\u0142 <\/p><\/div><\/div>\t\t<\/div>\n\t\t\t\t<\/div>\n\t\t\t\t\t<\/div>\n\t\t<\/div>\n\t\t\t\t<div class=\"elementor-column elementor-col-66 elementor-top-column elementor-element elementor-element-67f3f9eb\" data-id=\"67f3f9eb\" data-element_type=\"column\">\n\t\t\t<div class=\"elementor-widget-wrap elementor-element-populated\">\n\t\t\t\t\t\t\t\t<div class=\"elementor-element elementor-element-42e332d2 elementor-invisible elementor-widget elementor-widget-text-editor\" data-id=\"42e332d2\" data-element_type=\"widget\" data-settings=\"{&quot;_animation&quot;:&quot;fadeIn&quot;}\" data-widget_type=\"text-editor.default\">\n\t\t\t\t<div class=\"elementor-widget-container\">\n\t\t\t<style>\/*! elementor - v3.7.3 - 29-08-2022 *\/\n.elementor-widget-text-editor.elementor-drop-cap-view-stacked .elementor-drop-cap{background-color:#818a91;color:#fff}.elementor-widget-text-editor.elementor-drop-cap-view-framed .elementor-drop-cap{color:#818a91;border:3px solid;background-color:transparent}.elementor-widget-text-editor:not(.elementor-drop-cap-view-default) .elementor-drop-cap{margin-top:8px}.elementor-widget-text-editor:not(.elementor-drop-cap-view-default) .elementor-drop-cap-letter{width:1em;height:1em}.elementor-widget-text-editor .elementor-drop-cap{float:left;text-align:center;line-height:1;font-size:50px}.elementor-widget-text-editor .elementor-drop-cap-letter{display:inline-block}<\/style>\t\t\t\t<p>Wrzu\u0107 j\u0105 do teczki lub wsad\u017a do kieszeni. To najmniejsza kasa fiskalna\u00a0ONLINE\u00a0na rynku, z\u00a0kt\u00f3r\u0105 udasz si\u0119 w\u00a0dowolne miejsce,\u00a0 \u00a0 \u00a0 \u00a0 \u00a0 \u00a0 \u00a0 by sprzeda\u0107 swoje us\u0142ugi lub produkty.<\/p><p>Teraz dodatkowo zosta\u0142a wyposa\u017cona w\u00a0bezprzewodowe interfejsy komunikacyjne.\u00a0 Do wyboru u\u017cytkownika jest wersja z\u00a0WiFi\/Bluetooth lub ze zintegrowanym modemem GPRS i\u00a0kart\u0105 SIM.<\/p><p>Kasa Mobile ONLINE jest ma\u0142a, ale bardzo wydajna. Pozwoli Ci wydrukowa\u0107 8\u00a0000 paragon\u00f3w bez dodatkowego zasilania. Poza zasilaniem sieciowym kas\u0119 Mobile ONLINE na\u0142adujesz za pomoc\u0105 kabla USB pod\u0142\u0105czonego do komputera lub \u0142adowarki samochodowej. Co wi\u0119cej, na paragonach mo\u017cesz zaprojektowa\u0107 logo lub nazw\u0119 swojej firmy.<\/p>\t\t\t\t\t\t<\/div>\n\t\t\t\t<\/div>\n\t\t\t\t\t<\/div>\n\t\t<\/div>\n\t\t\t\t\t\t\t<\/div>\n\t\t<\/section>\n\t\t\t\t\t\t\t<\/div>\n\t\t","protected":false},"excerpt":{"rendered":"<p>netto: 1\u00a0949 z\u0142 brutto: 2\u00a0397 z\u0142 Wrzu\u0107 j\u0105 do teczki lub wsad\u017a do kieszeni. To najmniejsza kasa fiskalna\u00a0ONLINE\u00a0na rynku, z\u00a0kt\u00f3r\u0105 udasz si\u0119 w\u00a0dowolne miejsce,\u00a0 \u00a0 \u00a0 \u00a0 \u00a0 \u00a0 \u00a0 by sprzeda\u0107 swoje us\u0142ugi lub produkty. Teraz dodatkowo zosta\u0142a wyposa\u017cona w\u00a0bezprzewodowe interfejsy komunikacyjne.\u00a0 Do wyboru u\u017cytkownika jest wersja z\u00a0WiFi\/Bluetooth lub ze zintegrowanym modemem GPRS i\u00a0kart\u0105 [&hellip;]<\/p>\n","protected":false},"author":1,"featured_media":0,"parent":0,"menu_order":0,"comment_status":"closed","ping_status":"closed","template":"","meta":[],"_links":{"self":[{"href":"https:\/\/www.kasy.ndg.pl\/index.php\/wp-json\/wp\/v2\/pages\/501"}],"collection":[{"href":"https:\/\/www.kasy.ndg.pl\/index.php\/wp-json\/wp\/v2\/pages"}],"about":[{"href":"https:\/\/www.kasy.ndg.pl\/index.php\/wp-json\/wp\/v2\/types\/page"}],"author":[{"embeddable":true,"href":"https:\/\/www.kasy.ndg.pl\/index.php\/wp-json\/wp\/v2\/users\/1"}],"replies":[{"embeddable":true,"href":"https:\/\/www.kasy.ndg.pl\/index.php\/wp-json\/wp\/v2\/comments?post=501"}],"version-history":[{"count":4,"href":"https:\/\/www.kasy.ndg.pl\/index.php\/wp-json\/wp\/v2\/pages\/501\/revisions"}],"predecessor-version":[{"id":506,"href":"https:\/\/www.kasy.ndg.pl\/index.php\/wp-json\/wp\/v2\/pages\/501\/revisions\/506"}],"wp:attachment":[{"href":"https:\/\/www.kasy.ndg.pl\/index.php\/wp-json\/wp\/v2\/media?parent=501"}],"curies":[{"name":"wp","href":"https:\/\/api.w.org\/{rel}","templated":true}]}}