{"id":477,"date":"2022-09-01T12:59:54","date_gmt":"2022-09-01T12:59:54","guid":{"rendered":"https:\/\/www.kasy.ndg.pl\/?page_id=477"},"modified":"2022-09-01T13:02:05","modified_gmt":"2022-09-01T13:02:05","slug":"posnet-ergo-online-36gprs","status":"publish","type":"page","link":"https:\/\/www.kasy.ndg.pl\/index.php\/posnet-ergo-online-36gprs\/","title":{"rendered":"POSNET ERGO ONLINE 36GPRS"},"content":{"rendered":"\t\t<div data-elementor-type=\"wp-page\" data-elementor-id=\"477\" class=\"elementor elementor-477\">\n\t\t\t\t\t\t\t\t\t<section class=\"elementor-section elementor-top-section elementor-element elementor-element-714e18fb elementor-section-boxed elementor-section-height-default elementor-section-height-default\" data-id=\"714e18fb\" data-element_type=\"section\">\n\t\t\t\t\t\t<div class=\"elementor-container elementor-column-gap-default\">\n\t\t\t\t\t<div class=\"elementor-column elementor-col-33 elementor-top-column elementor-element elementor-element-2e03b2a3\" data-id=\"2e03b2a3\" data-element_type=\"column\">\n\t\t\t<div class=\"elementor-widget-wrap elementor-element-populated\">\n\t\t\t\t\t\t\t\t<div class=\"elementor-element elementor-element-46d44c25 elementor-position-top elementor-vertical-align-top elementor-invisible elementor-widget elementor-widget-image-box\" data-id=\"46d44c25\" data-element_type=\"widget\" data-settings=\"{&quot;_animation&quot;:&quot;fadeIn&quot;}\" data-widget_type=\"image-box.default\">\n\t\t\t\t<div class=\"elementor-widget-container\">\n\t\t\t<style>\/*! elementor - v3.7.3 - 29-08-2022 *\/\n.elementor-widget-image-box .elementor-image-box-content{width:100%}@media (min-width:768px){.elementor-widget-image-box.elementor-position-left .elementor-image-box-wrapper,.elementor-widget-image-box.elementor-position-right .elementor-image-box-wrapper{display:-webkit-box;display:-ms-flexbox;display:flex}.elementor-widget-image-box.elementor-position-right .elementor-image-box-wrapper{text-align:right;-webkit-box-orient:horizontal;-webkit-box-direction:reverse;-ms-flex-direction:row-reverse;flex-direction:row-reverse}.elementor-widget-image-box.elementor-position-left .elementor-image-box-wrapper{text-align:left;-webkit-box-orient:horizontal;-webkit-box-direction:normal;-ms-flex-direction:row;flex-direction:row}.elementor-widget-image-box.elementor-position-top .elementor-image-box-img{margin:auto}.elementor-widget-image-box.elementor-vertical-align-top .elementor-image-box-wrapper{-webkit-box-align:start;-ms-flex-align:start;align-items:flex-start}.elementor-widget-image-box.elementor-vertical-align-middle .elementor-image-box-wrapper{-webkit-box-align:center;-ms-flex-align:center;align-items:center}.elementor-widget-image-box.elementor-vertical-align-bottom .elementor-image-box-wrapper{-webkit-box-align:end;-ms-flex-align:end;align-items:flex-end}}@media (max-width:767px){.elementor-widget-image-box .elementor-image-box-img{margin-left:auto!important;margin-right:auto!important;margin-bottom:15px}}.elementor-widget-image-box .elementor-image-box-img{display:inline-block}.elementor-widget-image-box .elementor-image-box-title a{color:inherit}.elementor-widget-image-box .elementor-image-box-wrapper{text-align:center}.elementor-widget-image-box .elementor-image-box-description{margin:0}<\/style><div class=\"elementor-image-box-wrapper\"><figure class=\"elementor-image-box-img\"><img width=\"600\" height=\"600\" src=\"https:\/\/www.kasy.ndg.pl\/wp-content\/uploads\/2022\/09\/pos-net-ergo-basic-cien3-2.png\" class=\"attachment-full size-full\" alt=\"\" loading=\"lazy\" \/><\/figure><div class=\"elementor-image-box-content\"><h3 class=\"elementor-image-box-title\">netto: 1\u00a0779 z\u0142<\/h3><p class=\"elementor-image-box-description\">brutto: 2\u00a0188 z\u0142 <\/p><\/div><\/div>\t\t<\/div>\n\t\t\t\t<\/div>\n\t\t\t\t\t<\/div>\n\t\t<\/div>\n\t\t\t\t<div class=\"elementor-column elementor-col-66 elementor-top-column elementor-element elementor-element-1c150538\" data-id=\"1c150538\" data-element_type=\"column\">\n\t\t\t<div class=\"elementor-widget-wrap elementor-element-populated\">\n\t\t\t\t\t\t\t\t<div class=\"elementor-element elementor-element-13478bfa elementor-invisible elementor-widget elementor-widget-text-editor\" data-id=\"13478bfa\" data-element_type=\"widget\" data-settings=\"{&quot;_animation&quot;:&quot;fadeIn&quot;}\" data-widget_type=\"text-editor.default\">\n\t\t\t\t<div class=\"elementor-widget-container\">\n\t\t\t<style>\/*! elementor - v3.7.3 - 29-08-2022 *\/\n.elementor-widget-text-editor.elementor-drop-cap-view-stacked .elementor-drop-cap{background-color:#818a91;color:#fff}.elementor-widget-text-editor.elementor-drop-cap-view-framed .elementor-drop-cap{color:#818a91;border:3px solid;background-color:transparent}.elementor-widget-text-editor:not(.elementor-drop-cap-view-default) .elementor-drop-cap{margin-top:8px}.elementor-widget-text-editor:not(.elementor-drop-cap-view-default) .elementor-drop-cap-letter{width:1em;height:1em}.elementor-widget-text-editor .elementor-drop-cap{float:left;text-align:center;line-height:1;font-size:50px}.elementor-widget-text-editor .elementor-drop-cap-letter{display:inline-block}<\/style>\t\t\t\t<p>Jedna z\u00a0najbardziej popularnych kas fiskalnych na rynku. Urz\u0105dzenie, dzi\u0119ki modu\u0142owej konstrukcji, zapewnia u\u017cytkownikowi swobod\u0119 wyboru mi\u0119dzy przewodowym lub bezprzewodowym po\u0142\u0105czeniem z\u00a0Centralnym Repozytorium Kas (CRK).<\/p><p>Mo\u017ce dzia\u0142a\u0107 samodzielnie, jak r\u00f3wnie\u017c stanowi\u0107 element systemu kasowego. Do kasy pod\u0142\u0105czysz wag\u0119, skaner kod\u00f3w kreskowych, terminal p\u0142atniczy itp. Konstrukcja kasy, podobnie jak innych urz\u0105dze\u0144 POSNET, jest w\u00a0stanie wytrzyma\u0107 upadki, wstrz\u0105sy czy zachlapanie.<\/p><p>Bez wzgl\u0119du na to, jak\u0105 dzia\u0142alno\u015b\u0107 prowadzisz, mo\u017cesz dostosowa\u0107 pojemno\u015b\u0107 bazy PLU do ilo\u015bci towar\u00f3w b\u0105d\u017a us\u0142ug, kt\u00f3re sprzedajesz. W\u00a0zale\u017cno\u015bci od potrzeb na Twoim ERGO\u00a0ONLINE mo\u017cesz zdefiniowa\u0107 4000, 6000 lub 8000 nazw towar\u00f3w lub us\u0142ug.<\/p>\t\t\t\t\t\t<\/div>\n\t\t\t\t<\/div>\n\t\t\t\t\t<\/div>\n\t\t<\/div>\n\t\t\t\t\t\t\t<\/div>\n\t\t<\/section>\n\t\t\t\t\t\t\t<\/div>\n\t\t","protected":false},"excerpt":{"rendered":"<p>netto: 1\u00a0779 z\u0142 brutto: 2\u00a0188 z\u0142 Jedna z\u00a0najbardziej popularnych kas fiskalnych na rynku. Urz\u0105dzenie, dzi\u0119ki modu\u0142owej konstrukcji, zapewnia u\u017cytkownikowi swobod\u0119 wyboru mi\u0119dzy przewodowym lub bezprzewodowym po\u0142\u0105czeniem z\u00a0Centralnym Repozytorium Kas (CRK). Mo\u017ce dzia\u0142a\u0107 samodzielnie, jak r\u00f3wnie\u017c stanowi\u0107 element systemu kasowego. Do kasy pod\u0142\u0105czysz wag\u0119, skaner kod\u00f3w kreskowych, terminal p\u0142atniczy itp. Konstrukcja kasy, podobnie jak innych urz\u0105dze\u0144 [&hellip;]<\/p>\n","protected":false},"author":1,"featured_media":0,"parent":0,"menu_order":0,"comment_status":"closed","ping_status":"closed","template":"","meta":[],"_links":{"self":[{"href":"https:\/\/www.kasy.ndg.pl\/index.php\/wp-json\/wp\/v2\/pages\/477"}],"collection":[{"href":"https:\/\/www.kasy.ndg.pl\/index.php\/wp-json\/wp\/v2\/pages"}],"about":[{"href":"https:\/\/www.kasy.ndg.pl\/index.php\/wp-json\/wp\/v2\/types\/page"}],"author":[{"embeddable":true,"href":"https:\/\/www.kasy.ndg.pl\/index.php\/wp-json\/wp\/v2\/users\/1"}],"replies":[{"embeddable":true,"href":"https:\/\/www.kasy.ndg.pl\/index.php\/wp-json\/wp\/v2\/comments?post=477"}],"version-history":[{"count":7,"href":"https:\/\/www.kasy.ndg.pl\/index.php\/wp-json\/wp\/v2\/pages\/477\/revisions"}],"predecessor-version":[{"id":485,"href":"https:\/\/www.kasy.ndg.pl\/index.php\/wp-json\/wp\/v2\/pages\/477\/revisions\/485"}],"wp:attachment":[{"href":"https:\/\/www.kasy.ndg.pl\/index.php\/wp-json\/wp\/v2\/media?parent=477"}],"curies":[{"name":"wp","href":"https:\/\/api.w.org\/{rel}","templated":true}]}}